{"id":52,"date":"2023-05-22T04:25:28","date_gmt":"2023-05-22T04:25:28","guid":{"rendered":"https:\/\/news.lammenu.com\/?post_type=product&#038;p=52"},"modified":"2024-12-02T09:39:57","modified_gmt":"2024-12-02T09:39:57","slug":"vien-nen-go","status":"publish","type":"product","link":"https:\/\/baochaugroup.com.vn\/?product=vien-nen-go","title":{"rendered":"Vi\u00ean N\u00e9n G\u1ed7"},"content":{"rendered":"","protected":false},"excerpt":{"rendered":"<p>\u0110\u01b0\u1ee3c s\u1ea3n xu\u1ea5t ra t\u1eeb nh\u1eefng ph\u1ebf th\u1ea3i t\u1eeb g\u1ed7, \u0111i\u1ec1u n\u00e0y c\u00f3 ngh\u0129a l\u00e0 ch\u00fang v\u00f4 c\u00f9ng an to\u00e0n khi s\u1eed d\u1ee5ng, gi\u1ea3m thi\u1ec3u qu\u00e1 tr\u00ecnh x\u1eed l\u00fd c\u00e1c ph\u1ebf th\u1ea3i t\u1eeb th\u1ef1c v\u1eadt, t\u1eadn d\u1ee5ng \u0111\u01b0\u1ee3c ngu\u1ed3n nguy\u00ean li\u1ec7u s\u1eb5n c\u00f3 m\u00e0 \u0111em l\u1ea1i hi\u1ec7u qu\u1ea3 cao.<\/p>\n","protected":false},"featured_media":460,"comment_status":"open","ping_status":"closed","template":"","meta":[],"product_brand":[],"product_cat":[15],"product_tag":[],"class_list":{"0":"post-52","1":"product","2":"type-product","3":"status-publish","4":"has-post-thumbnail","6":"product_cat-san-pham","8":"first","9":"instock","10":"shipping-taxable","11":"product-type-simple"},"_links":{"self":[{"href":"https:\/\/baochaugroup.com.vn\/index.php?rest_route=\/wp\/v2\/product\/52","targetHints":{"allow":["GET"]}}],"collection":[{"href":"https:\/\/baochaugroup.com.vn\/index.php?rest_route=\/wp\/v2\/product"}],"about":[{"href":"https:\/\/baochaugroup.com.vn\/index.php?rest_route=\/wp\/v2\/types\/product"}],"replies":[{"embeddable":true,"href":"https:\/\/baochaugroup.com.vn\/index.php?rest_route=%2Fwp%2Fv2%2Fcomments&post=52"}],"wp:featuredmedia":[{"embeddable":true,"href":"https:\/\/baochaugroup.com.vn\/index.php?rest_route=\/wp\/v2\/media\/460"}],"wp:attachment":[{"href":"https:\/\/baochaugroup.com.vn\/index.php?rest_route=%2Fwp%2Fv2%2Fmedia&parent=52"}],"wp:term":[{"taxonomy":"product_brand","embeddable":true,"href":"https:\/\/baochaugroup.com.vn\/index.php?rest_route=%2Fwp%2Fv2%2Fproduct_brand&post=52"},{"taxonomy":"product_cat","embeddable":true,"href":"https:\/\/baochaugroup.com.vn\/index.php?rest_route=%2Fwp%2Fv2%2Fproduct_cat&post=52"},{"taxonomy":"product_tag","embeddable":true,"href":"https:\/\/baochaugroup.com.vn\/index.php?rest_route=%2Fwp%2Fv2%2Fproduct_tag&post=52"}],"curies":[{"name":"wp","href":"https:\/\/api.w.org\/{rel}","templated":true}]}}