{"id":187,"date":"2023-05-22T12:13:57","date_gmt":"2023-05-22T12:13:57","guid":{"rendered":"http:\/\/news.lammenu.com\/?page_id=187"},"modified":"2025-05-13T06:49:02","modified_gmt":"2025-05-13T06:49:02","slug":"nha-may","status":"publish","type":"page","link":"https:\/\/baochaugroup.com.vn\/?page_id=187","title":{"rendered":"Nh\u00e0 m\u00e1y"},"content":{"rendered":"\t<section class=\"section\" id=\"section_113073885\">\n\t\t<div class=\"bg section-bg fill bg-fill  bg-loaded\" >\n\n\t\t\t\n\t\t\t\n\t\t\t\n\n\t\t<\/div>\n\n\t\t\n\n\t\t<div class=\"section-content relative\">\n\t\t\t\n<div class=\"container section-title-container\" ><h2 class=\"section-title section-title-center\"><b><\/b><span class=\"section-title-main\" >H\u1ec7 th\u1ed1ng nh\u00e0 m\u00e1y<\/span><b><\/b><\/h2><\/div>\n<div class=\"row align-middle\"  id=\"row-1087788541\">\n\n\t<div id=\"col-341324584\" class=\"col anh medium-6 small-12 large-6\"  >\n\t\t\t\t<div class=\"col-inner\"  >\n\t\t\t\n\t\t\t\n\n  \n    <div class=\"row large-columns-1 medium-columns- small-columns- slider row-slider slider-nav-reveal\"  data-flickity-options='{\"imagesLoaded\": true, \"groupCells\": \"100%\", \"dragThreshold\" : 5, \"cellAlign\": \"left\",\"wrapAround\": true,\"prevNextButtons\": true,\"percentPosition\": true,\"pageDots\": true, \"rightToLeft\": false, \"autoPlay\" : 5000}'>\n\n  <div class=\"gallery-col col\" >\n          <div class=\"col-inner\">\n            <a class=\"image-lightbox lightbox-gallery\" href=\"https:\/\/baochaugroup.com.vn\/wp-content\/uploads\/2024\/07\/z5527471694210_33e8f7103faa2577ed10f2bfb06c3239-1024x791.jpg\" title=\"\">            <div class=\"box has-hover gallery-box box-none\">\n              <div class=\"box-image image-cover\" style=\"padding-top:75%;\">\n                <img loading=\"lazy\" decoding=\"async\" width=\"2560\" height=\"1978\" src=\"https:\/\/baochaugroup.com.vn\/wp-content\/uploads\/2024\/07\/z5527471694210_33e8f7103faa2577ed10f2bfb06c3239.jpg\" class=\"attachment-original size-original\" alt=\"\" ids=\"468,467,465,466,461,458,464,460\" style=\"none\" type=\"slider\" columns=\"1\" slider_bullets=\"true\" auto_slide=\"5000\" image_height=\"75%\" image_size=\"original\" srcset=\"https:\/\/baochaugroup.com.vn\/wp-content\/uploads\/2024\/07\/z5527471694210_33e8f7103faa2577ed10f2bfb06c3239.jpg 2560w, https:\/\/baochaugroup.com.vn\/wp-content\/uploads\/2024\/07\/z5527471694210_33e8f7103faa2577ed10f2bfb06c3239-300x232.jpg 300w, https:\/\/baochaugroup.com.vn\/wp-content\/uploads\/2024\/07\/z5527471694210_33e8f7103faa2577ed10f2bfb06c3239-1024x791.jpg 1024w, https:\/\/baochaugroup.com.vn\/wp-content\/uploads\/2024\/07\/z5527471694210_33e8f7103faa2577ed10f2bfb06c3239-768x593.jpg 768w, https:\/\/baochaugroup.com.vn\/wp-content\/uploads\/2024\/07\/z5527471694210_33e8f7103faa2577ed10f2bfb06c3239-1536x1187.jpg 1536w, https:\/\/baochaugroup.com.vn\/wp-content\/uploads\/2024\/07\/z5527471694210_33e8f7103faa2577ed10f2bfb06c3239-2048x1582.jpg 2048w, https:\/\/baochaugroup.com.vn\/wp-content\/uploads\/2024\/07\/z5527471694210_33e8f7103faa2577ed10f2bfb06c3239-600x464.jpg 600w\" sizes=\"auto, (max-width: 2560px) 100vw, 2560px\" \/>                                                              <\/div>\n              <div class=\"box-text text-left\" >\n                 <p><\/p>\n              <\/div>\n            <\/div>\n            <\/a>          <\/div>\n         <\/div><div class=\"gallery-col col\" >\n          <div class=\"col-inner\">\n            <a class=\"image-lightbox lightbox-gallery\" href=\"https:\/\/baochaugroup.com.vn\/wp-content\/uploads\/2024\/07\/z5527470865987_e6f82b0fe80f9e6714ce4a69159d4ee7-1024x608.jpg\" title=\"\">            <div class=\"box has-hover gallery-box box-none\">\n              <div class=\"box-image image-cover\" style=\"padding-top:75%;\">\n                <img loading=\"lazy\" decoding=\"async\" width=\"2560\" height=\"1519\" src=\"https:\/\/baochaugroup.com.vn\/wp-content\/uploads\/2024\/07\/z5527470865987_e6f82b0fe80f9e6714ce4a69159d4ee7.jpg\" class=\"attachment-original size-original\" alt=\"\" ids=\"468,467,465,466,461,458,464,460\" style=\"none\" type=\"slider\" columns=\"1\" slider_bullets=\"true\" auto_slide=\"5000\" image_height=\"75%\" image_size=\"original\" srcset=\"https:\/\/baochaugroup.com.vn\/wp-content\/uploads\/2024\/07\/z5527470865987_e6f82b0fe80f9e6714ce4a69159d4ee7.jpg 2560w, https:\/\/baochaugroup.com.vn\/wp-content\/uploads\/2024\/07\/z5527470865987_e6f82b0fe80f9e6714ce4a69159d4ee7-300x178.jpg 300w, https:\/\/baochaugroup.com.vn\/wp-content\/uploads\/2024\/07\/z5527470865987_e6f82b0fe80f9e6714ce4a69159d4ee7-1024x608.jpg 1024w, https:\/\/baochaugroup.com.vn\/wp-content\/uploads\/2024\/07\/z5527470865987_e6f82b0fe80f9e6714ce4a69159d4ee7-768x456.jpg 768w, https:\/\/baochaugroup.com.vn\/wp-content\/uploads\/2024\/07\/z5527470865987_e6f82b0fe80f9e6714ce4a69159d4ee7-1536x911.jpg 1536w, https:\/\/baochaugroup.com.vn\/wp-content\/uploads\/2024\/07\/z5527470865987_e6f82b0fe80f9e6714ce4a69159d4ee7-2048x1215.jpg 2048w, https:\/\/baochaugroup.com.vn\/wp-content\/uploads\/2024\/07\/z5527470865987_e6f82b0fe80f9e6714ce4a69159d4ee7-600x356.jpg 600w\" sizes=\"auto, (max-width: 2560px) 100vw, 2560px\" \/>                                                              <\/div>\n              <div class=\"box-text text-left\" >\n                 <p><\/p>\n              <\/div>\n            <\/div>\n            <\/a>          <\/div>\n         <\/div><div class=\"gallery-col col\" >\n          <div class=\"col-inner\">\n            <a class=\"image-lightbox lightbox-gallery\" href=\"https:\/\/baochaugroup.com.vn\/wp-content\/uploads\/2024\/07\/tp-2-2277-1024x730.jpg\" title=\"\">            <div class=\"box has-hover gallery-box box-none\">\n              <div class=\"box-image image-cover\" style=\"padding-top:75%;\">\n                <img loading=\"lazy\" decoding=\"async\" width=\"1200\" height=\"855\" src=\"https:\/\/baochaugroup.com.vn\/wp-content\/uploads\/2024\/07\/tp-2-2277.jpg\" class=\"attachment-original size-original\" alt=\"\" ids=\"468,467,465,466,461,458,464,460\" style=\"none\" type=\"slider\" columns=\"1\" slider_bullets=\"true\" auto_slide=\"5000\" image_height=\"75%\" image_size=\"original\" srcset=\"https:\/\/baochaugroup.com.vn\/wp-content\/uploads\/2024\/07\/tp-2-2277.jpg 1200w, https:\/\/baochaugroup.com.vn\/wp-content\/uploads\/2024\/07\/tp-2-2277-300x214.jpg 300w, https:\/\/baochaugroup.com.vn\/wp-content\/uploads\/2024\/07\/tp-2-2277-1024x730.jpg 1024w, https:\/\/baochaugroup.com.vn\/wp-content\/uploads\/2024\/07\/tp-2-2277-768x547.jpg 768w, https:\/\/baochaugroup.com.vn\/wp-content\/uploads\/2024\/07\/tp-2-2277-600x428.jpg 600w\" sizes=\"auto, (max-width: 1200px) 100vw, 1200px\" \/>                                                              <\/div>\n              <div class=\"box-text text-left\" >\n                 <p><\/p>\n              <\/div>\n            <\/div>\n            <\/a>          <\/div>\n         <\/div><div class=\"gallery-col col\" >\n          <div class=\"col-inner\">\n            <a class=\"image-lightbox lightbox-gallery\" href=\"https:\/\/baochaugroup.com.vn\/wp-content\/uploads\/2024\/07\/tp-9-5586-1024x702.jpg\" title=\"\">            <div class=\"box has-hover gallery-box box-none\">\n              <div class=\"box-image image-cover\" style=\"padding-top:75%;\">\n                <img loading=\"lazy\" decoding=\"async\" width=\"1200\" height=\"823\" src=\"https:\/\/baochaugroup.com.vn\/wp-content\/uploads\/2024\/07\/tp-9-5586.jpg\" class=\"attachment-original size-original\" alt=\"\" ids=\"468,467,465,466,461,458,464,460\" style=\"none\" type=\"slider\" columns=\"1\" slider_bullets=\"true\" auto_slide=\"5000\" image_height=\"75%\" image_size=\"original\" srcset=\"https:\/\/baochaugroup.com.vn\/wp-content\/uploads\/2024\/07\/tp-9-5586.jpg 1200w, https:\/\/baochaugroup.com.vn\/wp-content\/uploads\/2024\/07\/tp-9-5586-300x206.jpg 300w, https:\/\/baochaugroup.com.vn\/wp-content\/uploads\/2024\/07\/tp-9-5586-1024x702.jpg 1024w, https:\/\/baochaugroup.com.vn\/wp-content\/uploads\/2024\/07\/tp-9-5586-768x527.jpg 768w, https:\/\/baochaugroup.com.vn\/wp-content\/uploads\/2024\/07\/tp-9-5586-600x412.jpg 600w\" sizes=\"auto, (max-width: 1200px) 100vw, 1200px\" \/>                                                              <\/div>\n              <div class=\"box-text text-left\" >\n                 <p><\/p>\n              <\/div>\n            <\/div>\n            <\/a>          <\/div>\n         <\/div><div class=\"gallery-col col\" >\n          <div class=\"col-inner\">\n            <a class=\"image-lightbox lightbox-gallery\" href=\"https:\/\/baochaugroup.com.vn\/wp-content\/uploads\/2024\/07\/z4570773434356_76e1039d2a1729aabc3b6f9b9fc1068d-1024x473.jpg\" title=\"\">            <div class=\"box has-hover gallery-box box-none\">\n              <div class=\"box-image image-cover\" style=\"padding-top:75%;\">\n                <img loading=\"lazy\" decoding=\"async\" width=\"1883\" height=\"870\" src=\"https:\/\/baochaugroup.com.vn\/wp-content\/uploads\/2024\/07\/z4570773434356_76e1039d2a1729aabc3b6f9b9fc1068d.jpg\" class=\"attachment-original size-original\" alt=\"\" ids=\"468,467,465,466,461,458,464,460\" style=\"none\" type=\"slider\" columns=\"1\" slider_bullets=\"true\" auto_slide=\"5000\" image_height=\"75%\" image_size=\"original\" srcset=\"https:\/\/baochaugroup.com.vn\/wp-content\/uploads\/2024\/07\/z4570773434356_76e1039d2a1729aabc3b6f9b9fc1068d.jpg 1883w, https:\/\/baochaugroup.com.vn\/wp-content\/uploads\/2024\/07\/z4570773434356_76e1039d2a1729aabc3b6f9b9fc1068d-300x139.jpg 300w, https:\/\/baochaugroup.com.vn\/wp-content\/uploads\/2024\/07\/z4570773434356_76e1039d2a1729aabc3b6f9b9fc1068d-1024x473.jpg 1024w, https:\/\/baochaugroup.com.vn\/wp-content\/uploads\/2024\/07\/z4570773434356_76e1039d2a1729aabc3b6f9b9fc1068d-768x355.jpg 768w, https:\/\/baochaugroup.com.vn\/wp-content\/uploads\/2024\/07\/z4570773434356_76e1039d2a1729aabc3b6f9b9fc1068d-1536x710.jpg 1536w, https:\/\/baochaugroup.com.vn\/wp-content\/uploads\/2024\/07\/z4570773434356_76e1039d2a1729aabc3b6f9b9fc1068d-600x277.jpg 600w\" sizes=\"auto, (max-width: 1883px) 100vw, 1883px\" \/>                                                              <\/div>\n              <div class=\"box-text text-left\" >\n                 <p><\/p>\n              <\/div>\n            <\/div>\n            <\/a>          <\/div>\n         <\/div><div class=\"gallery-col col\" >\n          <div class=\"col-inner\">\n            <a class=\"image-lightbox lightbox-gallery\" href=\"https:\/\/baochaugroup.com.vn\/wp-content\/uploads\/2024\/07\/z4570773444851_0137c0e8420ef7e4b1fd9980241422c4-1024x523.jpg\" title=\"\">            <div class=\"box has-hover gallery-box box-none\">\n              <div class=\"box-image image-cover\" style=\"padding-top:75%;\">\n                <img loading=\"lazy\" decoding=\"async\" width=\"1792\" height=\"916\" src=\"https:\/\/baochaugroup.com.vn\/wp-content\/uploads\/2024\/07\/z4570773444851_0137c0e8420ef7e4b1fd9980241422c4.jpg\" class=\"attachment-original size-original\" alt=\"\" ids=\"468,467,465,466,461,458,464,460\" style=\"none\" type=\"slider\" columns=\"1\" slider_bullets=\"true\" auto_slide=\"5000\" image_height=\"75%\" image_size=\"original\" srcset=\"https:\/\/baochaugroup.com.vn\/wp-content\/uploads\/2024\/07\/z4570773444851_0137c0e8420ef7e4b1fd9980241422c4.jpg 1792w, https:\/\/baochaugroup.com.vn\/wp-content\/uploads\/2024\/07\/z4570773444851_0137c0e8420ef7e4b1fd9980241422c4-300x153.jpg 300w, https:\/\/baochaugroup.com.vn\/wp-content\/uploads\/2024\/07\/z4570773444851_0137c0e8420ef7e4b1fd9980241422c4-1024x523.jpg 1024w, https:\/\/baochaugroup.com.vn\/wp-content\/uploads\/2024\/07\/z4570773444851_0137c0e8420ef7e4b1fd9980241422c4-768x393.jpg 768w, https:\/\/baochaugroup.com.vn\/wp-content\/uploads\/2024\/07\/z4570773444851_0137c0e8420ef7e4b1fd9980241422c4-1536x785.jpg 1536w, https:\/\/baochaugroup.com.vn\/wp-content\/uploads\/2024\/07\/z4570773444851_0137c0e8420ef7e4b1fd9980241422c4-600x307.jpg 600w\" sizes=\"auto, (max-width: 1792px) 100vw, 1792px\" \/>                                                              <\/div>\n              <div class=\"box-text text-left\" >\n                 <p><\/p>\n              <\/div>\n            <\/div>\n            <\/a>          <\/div>\n         <\/div><div class=\"gallery-col col\" >\n          <div class=\"col-inner\">\n            <a class=\"image-lightbox lightbox-gallery\" href=\"https:\/\/baochaugroup.com.vn\/wp-content\/uploads\/2024\/07\/tp-6-6071-786x1024.jpg\" title=\"\">            <div class=\"box has-hover gallery-box box-none\">\n              <div class=\"box-image image-cover\" style=\"padding-top:75%;\">\n                <img loading=\"lazy\" decoding=\"async\" width=\"1200\" height=\"1564\" src=\"https:\/\/baochaugroup.com.vn\/wp-content\/uploads\/2024\/07\/tp-6-6071.jpg\" class=\"attachment-original size-original\" alt=\"\" ids=\"468,467,465,466,461,458,464,460\" style=\"none\" type=\"slider\" columns=\"1\" slider_bullets=\"true\" auto_slide=\"5000\" image_height=\"75%\" image_size=\"original\" srcset=\"https:\/\/baochaugroup.com.vn\/wp-content\/uploads\/2024\/07\/tp-6-6071.jpg 1200w, https:\/\/baochaugroup.com.vn\/wp-content\/uploads\/2024\/07\/tp-6-6071-230x300.jpg 230w, https:\/\/baochaugroup.com.vn\/wp-content\/uploads\/2024\/07\/tp-6-6071-786x1024.jpg 786w, https:\/\/baochaugroup.com.vn\/wp-content\/uploads\/2024\/07\/tp-6-6071-768x1001.jpg 768w, https:\/\/baochaugroup.com.vn\/wp-content\/uploads\/2024\/07\/tp-6-6071-1179x1536.jpg 1179w, https:\/\/baochaugroup.com.vn\/wp-content\/uploads\/2024\/07\/tp-6-6071-600x782.jpg 600w\" sizes=\"auto, (max-width: 1200px) 100vw, 1200px\" \/>                                                              <\/div>\n              <div class=\"box-text text-left\" >\n                 <p><\/p>\n              <\/div>\n            <\/div>\n            <\/a>          <\/div>\n         <\/div><div class=\"gallery-col col\" >\n          <div class=\"col-inner\">\n            <a class=\"image-lightbox lightbox-gallery\" href=\"https:\/\/baochaugroup.com.vn\/wp-content\/uploads\/2024\/07\/z5601190491559_27a75a7801bda84e88dc6c7661deb99a-768x1024.jpg\" title=\"\">            <div class=\"box has-hover gallery-box box-none\">\n              <div class=\"box-image image-cover\" style=\"padding-top:75%;\">\n                <img loading=\"lazy\" decoding=\"async\" width=\"960\" height=\"1280\" src=\"https:\/\/baochaugroup.com.vn\/wp-content\/uploads\/2024\/07\/z5601190491559_27a75a7801bda84e88dc6c7661deb99a.jpg\" class=\"attachment-original size-original\" alt=\"\" ids=\"468,467,465,466,461,458,464,460\" style=\"none\" type=\"slider\" columns=\"1\" slider_bullets=\"true\" auto_slide=\"5000\" image_height=\"75%\" image_size=\"original\" srcset=\"https:\/\/baochaugroup.com.vn\/wp-content\/uploads\/2024\/07\/z5601190491559_27a75a7801bda84e88dc6c7661deb99a.jpg 960w, https:\/\/baochaugroup.com.vn\/wp-content\/uploads\/2024\/07\/z5601190491559_27a75a7801bda84e88dc6c7661deb99a-225x300.jpg 225w, https:\/\/baochaugroup.com.vn\/wp-content\/uploads\/2024\/07\/z5601190491559_27a75a7801bda84e88dc6c7661deb99a-768x1024.jpg 768w, https:\/\/baochaugroup.com.vn\/wp-content\/uploads\/2024\/07\/z5601190491559_27a75a7801bda84e88dc6c7661deb99a-600x800.jpg 600w\" sizes=\"auto, (max-width: 960px) 100vw, 960px\" \/>                                                              <\/div>\n              <div class=\"box-text text-left\" >\n                 <p><\/p>\n              <\/div>\n            <\/div>\n            <\/a>          <\/div>\n         <\/div><\/div>\n\t\t<\/div>\n\t\t\t\t\t<\/div>\n\n\t\n\n\t<div id=\"col-207136902\" class=\"col chu medium-6 small-12 large-6\"  >\n\t\t\t\t<div class=\"col-inner\"  >\n\t\t\t\n\t\t\t\n<div class=\"container section-title-container\" ><h3 class=\"section-title section-title-normal\"><b><\/b><span class=\"section-title-main\" >Nh\u00e0 m\u00e1y vi\u00ean n\u00e9n g\u1ed7 xu\u1ea5t kh\u1ea9u b\u1ea3o ch\u00e2u<\/span><b><\/b><\/h3><\/div>\n<p>N\u0103ng l\u1ef1c s\u1ea3n xu\u1ea5t: 100.000 t\u1ea5n \/ n\u0103m<\/p>\n<p>\u0110\u1ecba ch\u1ec9: Khu c\u00f4ng nghi\u1ec7p \u0110\u00f4ng B\u1eafc S\u00f4ng C\u1ea7u, th\u00f4n 5, x\u00e3 Xu\u00e2n H\u1ea3i, th\u1ecb x\u00e3 S\u00f4ng C\u1ea7u, Ph\u00fa Y\u00ean<\/p>\n<p>Ch\u1ea5t l\u01b0\u01a1ng vi\u00ean n\u00e9n:<\/p>\n<ul>\n<li>\u0110\u01b0\u1eddng k\u00ednh: 6-8mm<\/li>\n<li>\u0110\u1ed9 \u1ea9m &lt; 10%<\/li>\n<li>\u0110\u1ed9 tro &lt; 1%<\/li>\n<li>Nhi\u1ec7t l\u01b0\u1ee3ng 4800 kcal\/lg<\/li>\n<li>\u0110\u1ed9 b\u1ec1n c\u01a1 h\u1ecdc &gt; 98%<\/li>\n<li>Bulk density &gt; 650<\/li>\n<\/ul>\n\t\t<\/div>\n\t\t\t\t\t<\/div>\n\n\t\n<\/div>\n<div class=\"row align-middle\"  id=\"row-523538667\">\n\n\t<div id=\"col-54329013\" class=\"col chu medium-6 small-12 large-6\"  >\n\t\t\t\t<div class=\"col-inner\"  >\n\t\t\t\n\t\t\t\n<div class=\"container section-title-container\" ><h3 class=\"section-title section-title-normal\"><b><\/b><span class=\"section-title-main\" >NH\u00c0 M\u00c1Y D\u0102M G\u1ed6<\/span><b><\/b><\/h3><\/div>\n<p>X\u00e2y d\u1ef1ng v\u00e0 kh\u00e1nh th\u00e0nh nh\u00e0 m\u00e1y ch\u1ebf bi\u1ebfn nguy\u00ean li\u1ec7u g\u1ed7 xu\u1ea5t kh\u1ea9u B\u1ea3o Ch\u00e2u Ph\u00fa Y\u00ean n\u0103m 2009 v\u1edbi c\u00f4ng su\u1ea5t: 80.000 \u2013 100.000 t\u1ea5n d\u0103m g\u1ed7\/n\u0103m<\/p>\n\t\t<\/div>\n\t\t\t\t\t<\/div>\n\n\t\n\n\t<div id=\"col-440625497\" class=\"col anh medium-6 small-12 large-6\"  >\n\t\t\t\t<div class=\"col-inner\"  >\n\t\t\t\n\t\t\t\n\n  \n    <div class=\"row large-columns-1 medium-columns- small-columns- slider row-slider slider-nav-reveal\"  data-flickity-options='{\"imagesLoaded\": true, \"groupCells\": \"100%\", \"dragThreshold\" : 5, \"cellAlign\": \"left\",\"wrapAround\": true,\"prevNextButtons\": true,\"percentPosition\": true,\"pageDots\": true, \"rightToLeft\": false, \"autoPlay\" : 5000}'>\n\n  <div class=\"gallery-col col\" >\n          <div class=\"col-inner\">\n            <a class=\"image-lightbox lightbox-gallery\" href=\"https:\/\/baochaugroup.com.vn\/wp-content\/uploads\/2023\/05\/a7.jpg\" title=\"\">            <div class=\"box has-hover gallery-box box-none\">\n              <div class=\"box-image\" >\n                <img loading=\"lazy\" decoding=\"async\" width=\"1005\" height=\"690\" src=\"https:\/\/baochaugroup.com.vn\/wp-content\/uploads\/2023\/05\/a7.jpg\" class=\"attachment-original size-original\" alt=\"\" ids=\"196,197\" style=\"none\" type=\"slider\" columns=\"1\" slider_bullets=\"true\" auto_slide=\"5000\" image_size=\"original\" srcset=\"https:\/\/baochaugroup.com.vn\/wp-content\/uploads\/2023\/05\/a7.jpg 1005w, https:\/\/baochaugroup.com.vn\/wp-content\/uploads\/2023\/05\/a7-300x206.jpg 300w, https:\/\/baochaugroup.com.vn\/wp-content\/uploads\/2023\/05\/a7-768x527.jpg 768w, https:\/\/baochaugroup.com.vn\/wp-content\/uploads\/2023\/05\/a7-600x412.jpg 600w\" sizes=\"auto, (max-width: 1005px) 100vw, 1005px\" \/>                                                              <\/div>\n              <div class=\"box-text text-left\" >\n                 <p><\/p>\n              <\/div>\n            <\/div>\n            <\/a>          <\/div>\n         <\/div><div class=\"gallery-col col\" >\n          <div class=\"col-inner\">\n            <a class=\"image-lightbox lightbox-gallery\" href=\"https:\/\/baochaugroup.com.vn\/wp-content\/uploads\/2023\/05\/a8.jpg\" title=\"\">            <div class=\"box has-hover gallery-box box-none\">\n              <div class=\"box-image\" >\n                <img loading=\"lazy\" decoding=\"async\" width=\"1005\" height=\"690\" src=\"https:\/\/baochaugroup.com.vn\/wp-content\/uploads\/2023\/05\/a8.jpg\" class=\"attachment-original size-original\" alt=\"\" ids=\"196,197\" style=\"none\" type=\"slider\" columns=\"1\" slider_bullets=\"true\" auto_slide=\"5000\" image_size=\"original\" srcset=\"https:\/\/baochaugroup.com.vn\/wp-content\/uploads\/2023\/05\/a8.jpg 1005w, https:\/\/baochaugroup.com.vn\/wp-content\/uploads\/2023\/05\/a8-300x206.jpg 300w, https:\/\/baochaugroup.com.vn\/wp-content\/uploads\/2023\/05\/a8-768x527.jpg 768w, https:\/\/baochaugroup.com.vn\/wp-content\/uploads\/2023\/05\/a8-600x412.jpg 600w\" sizes=\"auto, (max-width: 1005px) 100vw, 1005px\" \/>                                                              <\/div>\n              <div class=\"box-text text-left\" >\n                 <p><\/p>\n              <\/div>\n            <\/div>\n            <\/a>          <\/div>\n         <\/div><\/div>\n\t\t<\/div>\n\t\t\t\t\t<\/div>\n\n\t\n<\/div>\n\t\t<\/div>\n\n\t\t\n<style>\n#section_113073885 {\n  padding-top: 30px;\n  padding-bottom: 30px;\n}\n#section_113073885 .ux-shape-divider--top svg {\n  height: 150px;\n  --divider-top-width: 100%;\n}\n#section_113073885 .ux-shape-divider--bottom svg {\n  height: 150px;\n  --divider-width: 100%;\n}\n<\/style>\n\t<\/section>\n\t\n\t<section class=\"section\" id=\"section_709038876\">\n\t\t<div class=\"bg section-bg fill bg-fill  bg-loaded\" >\n\n\t\t\t\n\t\t\t\n\t\t\t\n\n\t\t<\/div>\n\n\t\t\n\n\t\t<div class=\"section-content relative\">\n\t\t\t\n<div class=\"container section-title-container\" ><h2 class=\"section-title section-title-center\"><b><\/b><span class=\"section-title-main\" >QUY M\u00d4 V\u00d9NG NGUY\u00caN LI\u1ec6U<\/span><b><\/b><\/h2><\/div>\n<div class=\"row\"  id=\"row-209974373\">\n\n\t<div id=\"col-1253078065\" class=\"col small-12 large-12\"  >\n\t\t\t\t<div class=\"col-inner\"  >\n\t\t\t\n\t\t\t\n<h3>16.000 ha r\u1eebng tr\u1ed3ng tr\u1ea3i d\u00e0i kh\u1eafp t\u1ec9nh Ph\u00fa Y\u00ean<\/h3>\n<ul>\n<li>Di\u1ec7n t\u00edch r\u1eebng B\u1ea3o Ch\u00e2u: 5.000ha (1.824 ha c\u1ea5p ch\u1ee9ng ch\u1ec9 FSC)- \u0111ang ti\u1ebfp t\u1ee5c tri\u1ec3n khai m\u1edf r\u1ed9ng di\u1ec7n t\u00edch FSC tr\u00ean to\u00e0n di\u1ec7n t\u00edch r\u1eebng C\u00f4ng ty trong nh\u1eefng n\u0103m t\u1edbi<\/li>\n<li>Di\u1ec7n t\u00edch r\u1eebng HTX L\u00e2m nghi\u1ec7p CNC: 8.000ha<\/li>\n<li>Di\u1ec7n t\u00edch r\u1eebng li\u00ean k\u1ebft c\u00e1c BQL: 3.000ha<\/li>\n<\/ul>\n\t\t<\/div>\n\t\t\t\t\t<\/div>\n\n\t\n<\/div>\n\t\t<\/div>\n\n\t\t\n<style>\n#section_709038876 {\n  padding-top: 30px;\n  padding-bottom: 30px;\n  background-color: rgb(245, 246, 251);\n}\n#section_709038876 .ux-shape-divider--top svg {\n  height: 150px;\n  --divider-top-width: 100%;\n}\n#section_709038876 .ux-shape-divider--bottom svg {\n  height: 150px;\n  --divider-width: 100%;\n}\n<\/style>\n\t<\/section>\n\t\n","protected":false},"excerpt":{"rendered":"","protected":false},"author":1,"featured_media":0,"parent":0,"menu_order":0,"comment_status":"closed","ping_status":"closed","template":"","meta":{"footnotes":""},"class_list":["post-187","page","type-page","status-publish","hentry"],"_links":{"self":[{"href":"https:\/\/baochaugroup.com.vn\/index.php?rest_route=\/wp\/v2\/pages\/187","targetHints":{"allow":["GET"]}}],"collection":[{"href":"https:\/\/baochaugroup.com.vn\/index.php?rest_route=\/wp\/v2\/pages"}],"about":[{"href":"https:\/\/baochaugroup.com.vn\/index.php?rest_route=\/wp\/v2\/types\/page"}],"author":[{"embeddable":true,"href":"https:\/\/baochaugroup.com.vn\/index.php?rest_route=\/wp\/v2\/users\/1"}],"replies":[{"embeddable":true,"href":"https:\/\/baochaugroup.com.vn\/index.php?rest_route=%2Fwp%2Fv2%2Fcomments&post=187"}],"version-history":[{"count":8,"href":"https:\/\/baochaugroup.com.vn\/index.php?rest_route=\/wp\/v2\/pages\/187\/revisions"}],"predecessor-version":[{"id":582,"href":"https:\/\/baochaugroup.com.vn\/index.php?rest_route=\/wp\/v2\/pages\/187\/revisions\/582"}],"wp:attachment":[{"href":"https:\/\/baochaugroup.com.vn\/index.php?rest_route=%2Fwp%2Fv2%2Fmedia&parent=187"}],"curies":[{"name":"wp","href":"https:\/\/api.w.org\/{rel}","templated":true}]}}